{"id":25527,"date":"2024-04-16T16:46:34","date_gmt":"2024-04-16T13:46:34","guid":{"rendered":"https:\/\/uneleja.ee\/pood\/voodikate-virmalised\/"},"modified":"2026-04-15T17:28:07","modified_gmt":"2026-04-15T14:28:07","slug":"voodikate-virmalised","status":"publish","type":"product","link":"https:\/\/uneleja.ee\/en\/pood\/voodikate-virmalised\/","title":{"rendered":"Voodikate Virmalised"},"content":{"rendered":"<h3>Voodikate Virmalised &#8211; p\u00f5neva p\u00f5hjamaise mustriga ja v\u00e4ga kvaliteetse kangaga kaunistus teie magamistuppa.<\/h3>\n<p>The bedspreads are made in double-sided design &#8211; on one side a beautiful pattern of thunderflies, a starry night sky and a forest, on the other side a simple dark blue matching fabric. Both sides are made of very high quality satin and are quilted to each other.<\/p>\n<div id=\"attachment_16497\" style=\"width: 310px\" class=\"wp-caption alignnone\"><img loading=\"lazy\" decoding=\"async\" aria-describedby=\"caption-attachment-16497\" class=\"size-medium wp-image-16497\" src=\"https:\/\/uneleja.ee\/wp-content\/uploads\/2024\/04\/voodikate-Virmalised-300x225.jpg\" alt=\"Bedspreads Thistles\" width=\"300\" height=\"225\" title=\"\" srcset=\"https:\/\/uneleja.ee\/wp-content\/uploads\/2024\/04\/voodikate-Virmalised-300x225.jpg 300w, https:\/\/uneleja.ee\/wp-content\/uploads\/2024\/04\/voodikate-Virmalised-768x576.jpg 768w, https:\/\/uneleja.ee\/wp-content\/uploads\/2024\/04\/voodikate-Virmalised-680x510.jpg 680w, https:\/\/uneleja.ee\/wp-content\/uploads\/2024\/04\/voodikate-Virmalised.jpg 900w\" sizes=\"auto, (max-width: 300px) 100vw, 300px\" \/><p id=\"caption-attachment-16497\" class=\"wp-caption-text\">Bedspreads Thistles<\/p><\/div>\n<p>The pattern is designed for Uneleja by Irina Yl\u00e4nne from Finland. Irina has made a number of designs for Uneleja, such as the bed linen sets <a href=\"https:\/\/uneleja.ee\/magamistuppa\/uneleja-voodipesu\/voodipesukomplektid-voluaed\/\" target=\"_blank\" rel=\"noopener\">Enchanted Garden.<\/a><\/p>\n<p>The Virmalises are designed for larger beds (from 160 cm width). It can also be placed on a slightly narrower bed, but in this case it should be a continental bed, which is higher.<\/p>\n<h3>Why use a bedspread in the bedroom?<\/h3>\n<p>Bedspreads create a protective barrier and prevent dust from collecting on your mattress and bed linen. So, when you update your bedroom, you&#8217;re not only improving its appearance, but also its functionality and <a title=\"Unhygienic\" href=\"https:\/\/dreamsville.co\/et\/unehugieen\/\" target=\"_blank\" rel=\"noopener\">hygiene<\/a>. Not least, beautiful bedspreads, curtains and other textiles in the bedroom create a cosy, homely feel, which in turn promotes a good night&#8217;s sleep.<\/p>\n<p>And &#8211; the more textiles in the bedroom, the quieter it is. A truly peaceful holiday requires muting sounds (footsteps, chatter, etc.). More fabrics are a good way of doing this: curtains, pillows, bedspreads.<\/p>\n<p><strong>How to choose the right bedspread for your bedroom? <\/strong><\/p>\n<div class=\"page_editor_template editor_type_text clearfix\">\n<p>Bedspreads should be chosen to match the overall interior colour scheme. Don&#8217;t forget that a double bedding set consists of two pillowcases and one duvet cover. All the bed linen should match each other, so keep this in mind and buy extra pillowcases if necessary.<\/p>\n<p>The bed linen is also slightly visible when the bed is made, so the bedspreads should match. You could combine the bedspread with a blanket &#8211; this will give the bed an extra layer and make it look original. The bedspread can have a playful pop of colour, to add softness. The top layer is made up of decorative cushions, which can also be layered, from the largest to the smallest. Combine them with the bedspread and the overall interior. Small cushions could be used as a colour accent, if used &#8211; this way, you make the bed the focal point of the room&#8217;s interior, but keep the delicacy.<\/p>\n<\/div>\n<div class=\"center-block text-center\"><\/div>\n<div class=\"page_editor_template editor_type_text clearfix\"><\/div>\n<p>&nbsp;<\/p>\n","protected":false},"excerpt":{"rendered":"<p>The bedspreads are made in double-sided design &#8211; on one side a beautiful pattern of thunderflies, a starry night sky and a forest, on the other side a simple dark blue matching fabric. Both sides are made of very high quality satin and are quilted to each other.<\/p>\n<p>The size of the quilt is 240 x 260 cm<\/p>\n<p>Material: cotton sateen (satin) Elite from Italy.<\/p>\n<p>The design is by Irina Yl\u00e4nne from Finland.<\/p>\n<div class=\"mceTemp\"><\/div>\n","protected":false},"featured_media":16498,"comment_status":"open","ping_status":"closed","template":"","meta":{"_acf_changed":false},"product_brand":[1859],"product_cat":[2836,4146,584],"product_tag":[4149,4150,4147,4148,4151,412],"class_list":{"0":"post-25527","1":"product","2":"type-product","3":"status-publish","4":"has-post-thumbnail","6":"product_brand-uneleja","7":"product_cat-bedding","8":"product_cat-bedspreads","9":"product_cat-uneleja-bedding","10":"product_tag-bed-cover-2","11":"product_tag-bed-covers-2","12":"product_tag-beds","13":"product_tag-bedspreads-2","14":"product_tag-design-of-bedspreads","15":"product_tag-irina-ylanne-en","17":"first","18":"instock","19":"taxable","20":"shipping-taxable","21":"purchasable","22":"product-type-simple"},"acf":[],"_links":{"self":[{"href":"https:\/\/uneleja.ee\/en\/wp-json\/wp\/v2\/product\/25527","targetHints":{"allow":["GET"]}}],"collection":[{"href":"https:\/\/uneleja.ee\/en\/wp-json\/wp\/v2\/product"}],"about":[{"href":"https:\/\/uneleja.ee\/en\/wp-json\/wp\/v2\/types\/product"}],"replies":[{"embeddable":true,"href":"https:\/\/uneleja.ee\/en\/wp-json\/wp\/v2\/comments?post=25527"}],"wp:featuredmedia":[{"embeddable":true,"href":"https:\/\/uneleja.ee\/en\/wp-json\/wp\/v2\/media\/16498"}],"wp:attachment":[{"href":"https:\/\/uneleja.ee\/en\/wp-json\/wp\/v2\/media?parent=25527"}],"wp:term":[{"taxonomy":"product_brand","embeddable":true,"href":"https:\/\/uneleja.ee\/en\/wp-json\/wp\/v2\/product_brand?post=25527"},{"taxonomy":"product_cat","embeddable":true,"href":"https:\/\/uneleja.ee\/en\/wp-json\/wp\/v2\/product_cat?post=25527"},{"taxonomy":"product_tag","embeddable":true,"href":"https:\/\/uneleja.ee\/en\/wp-json\/wp\/v2\/product_tag?post=25527"}],"curies":[{"name":"wp","href":"https:\/\/api.w.org\/{rel}","templated":true}]}}